{"id":273,"date":"2024-09-01T04:09:56","date_gmt":"2024-09-01T09:09:56","guid":{"rendered":"https:\/\/ea-strategy.com\/?page_id=273"},"modified":"2024-11-07T09:23:51","modified_gmt":"2024-11-07T14:23:51","slug":"nosotros","status":"publish","type":"page","link":"https:\/\/ea-strategy.com\/en\/nosotros\/","title":{"rendered":"About Us"},"content":{"rendered":"<p>[et_pb_section fb_built=\u00bb1&#8243; _builder_version=\u00bb4.27.0&#8243; _module_preset=\u00bbdefault\u00bb background_color=\u00bb#F7F9FA\u00bb background_enable_mask_style=\u00bbon\u00bb background_mask_style=\u00bbcorner-square\u00bb background_mask_transform=\u00bbflip_horizontal\u00bb custom_padding=\u00bb||61px||false|false\u00bb global_colors_info=\u00bb{}\u00bb][et_pb_row column_structure=\u00bb3_4,1_4&#8243; _builder_version=\u00bb4.27.0&#8243; _module_preset=\u00bbdefault\u00bb global_colors_info=\u00bb{}\u00bb][et_pb_column type=\u00bb3_4&#8243; _builder_version=\u00bb4.27.0&#8243; _module_preset=\u00bbdefault\u00bb global_colors_info=\u00bb{}\u00bb][et_pb_heading title=\u00bbAcerca de Nosotros\u00bb _builder_version=\u00bb4.27.0&#8243; _module_preset=\u00bbdefault\u00bb custom_margin=\u00bb36px||6px||false|false\u00bb global_colors_info=\u00bb{}\u00bb][\/et_pb_heading][et_pb_text _builder_version=\u00bb4.27.0&#8243; _module_preset=\u00bbdefault\u00bb text_font=\u00bb||||||||\u00bb text_font_size=\u00bb23px\u00bb text_line_height=\u00bb1.2em\u00bb global_colors_info=\u00bb{}\u00bb]<\/p>\n<p>\u201cCada vez que veas un <span style=\"color: #eb6315;\">negocio exitoso<\/span>, fue porque alguna vez alguien tom\u00f3 una decisi\u00f3n <span style=\"color: #eb6315;\">valiente<\/span>\u201d.<\/p>\n<p>[\/et_pb_text][\/et_pb_column][et_pb_column type=\u00bb1_4&#8243; _builder_version=\u00bb4.27.0&#8243; _module_preset=\u00bbdefault\u00bb global_colors_info=\u00bb{}\u00bb][et_pb_image src=\u00bbhttps:\/\/ea-strategy.com\/wp-content\/uploads\/2024\/08\/nosotros-angela-urenia.jpeg\u00bb title_text=\u00bbnosotros-angela-urenia\u00bb align=\u00bbcenter\u00bb _builder_version=\u00bb4.27.0&#8243; _module_preset=\u00bbdefault\u00bb border_radii=\u00bbon|102px|102px|102px|102px\u00bb border_width_all=\u00bb5px\u00bb border_color_all=\u00bb#2C5999&#8243; global_colors_info=\u00bb{}\u00bb][\/et_pb_image][\/et_pb_column][\/et_pb_row][\/et_pb_section][et_pb_section fb_built=\u00bb1&#8243; _builder_version=\u00bb4.27.0&#8243; _module_preset=\u00bbdefault\u00bb background_enable_mask_style=\u00bbon\u00bb background_mask_style=\u00bbcorner-square\u00bb background_mask_color=\u00bb#F7F9FA\u00bb background_mask_transform=\u00bbflip_vertical|invert\u00bb custom_padding=\u00bb20px||160px||false|false\u00bb top_divider_color=\u00bb#F7F9FA\u00bb top_divider_flip=\u00bbhorizontal\u00bb global_colors_info=\u00bb{}\u00bb][et_pb_row column_structure=\u00bb3_5,2_5&#8243; use_custom_gutter=\u00bbon\u00bb gutter_width=\u00bb1&#8243; _builder_version=\u00bb4.27.0&#8243; _module_preset=\u00bbdefault\u00bb background_enable_color=\u00bboff\u00bb custom_margin=\u00bb||37px||false|false\u00bb global_colors_info=\u00bb{}\u00bb][et_pb_column type=\u00bb3_5&#8243; _builder_version=\u00bb4.27.0&#8243; _module_preset=\u00bbdefault\u00bb background_color=\u00bb#EB6315&#8243; background_enable_mask_style=\u00bbon\u00bb background_mask_style=\u00bbfloating-squares\u00bb background_mask_color=\u00bb#e85800&#8243; background_mask_transform=\u00bbinvert|flip_horizontal|flip_vertical\u00bb background_mask_aspect_ratio=\u00bbsquare\u00bb custom_padding=\u00bb45px|40px|45px|40px|true|true\u00bb global_colors_info=\u00bb{}\u00bb][et_pb_heading title=\u00bbQuienes Somos\u00bb _builder_version=\u00bb4.27.0&#8243; _module_preset=\u00bbdefault\u00bb title_level=\u00bbh2&#8243; title_text_color=\u00bb#FFFFFF\u00bb title_font_size=\u00bb36px\u00bb global_colors_info=\u00bb{}\u00bb][\/et_pb_heading][et_pb_text _builder_version=\u00bb4.27.2&#8243; _module_preset=\u00bbdefault\u00bb text_text_color=\u00bb#FFFFFF\u00bb text_orientation=\u00bbjustified\u00bb global_colors_info=\u00bb{}\u00bb]EA-Strategy es una empresa colombiana con operaciones en Atlanta, Georgia, que lleva 9 a\u00f1os ofreciendo soluciones especializadas en Arquitectura Empresarial y Gesti\u00f3n Electr\u00f3nica de Documentos. Su enfoque es ayudar a las empresas a avanzar en su transformaci\u00f3n digital de manera gradual, sin tomar decisiones dr\u00e1sticas. Emplea metodolog\u00edas y est\u00e1ndares internacionales para desarrollar software de alta calidad, adaptado a diversas necesidades. Adem\u00e1s, ofrece herramientas para la gesti\u00f3n documental, procesos, arquitectura empresarial y riesgos operativos, respaldadas por personal calificado y un riguroso control para garantizar resultados efectivos.[\/et_pb_text][\/et_pb_column][et_pb_column type=\u00bb2_5&#8243; _builder_version=\u00bb4.27.0&#8243; _module_preset=\u00bbdefault\u00bb global_colors_info=\u00bb{}\u00bb][et_pb_image src=\u00bbhttps:\/\/ea-strategy.com\/wp-content\/uploads\/2024\/10\/quienes-somos-historia-2.jpg\u00bb alt=\u00bbImagen quienes somos EA Strategy historia\u00bb title_text=\u00bbquienes-somos-historia\u00bb align_tablet=\u00bbcenter\u00bb align_phone=\u00bbcenter\u00bb align_last_edited=\u00bbon|phone\u00bb _builder_version=\u00bb4.27.2&#8243; _module_preset=\u00bbdefault\u00bb transform_scale_tablet=\u00bb\u00bb transform_scale_phone=\u00bb\u00bb transform_scale_last_edited=\u00bbon|desktop\u00bb transform_translate=\u00bb-15px|30px\u00bb transform_translate_tablet=\u00bb0px|0px\u00bb transform_translate_phone=\u00bb0px|0px\u00bb transform_translate_last_edited=\u00bbon|phone\u00bb transform_translate_linked=\u00bboff\u00bb transform_rotate_tablet=\u00bb\u00bb transform_rotate_phone=\u00bb\u00bb transform_rotate_last_edited=\u00bbon|desktop\u00bb transform_skew_tablet=\u00bb\u00bb transform_skew_phone=\u00bb\u00bb transform_skew_last_edited=\u00bbon|desktop\u00bb transform_origin_tablet=\u00bb\u00bb transform_origin_phone=\u00bb\u00bb transform_origin_last_edited=\u00bbon|desktop\u00bb transform_styles_last_edited=\u00bbon|phone\u00bb width=\u00bb69%\u00bb transform_styles_tablet=\u00bb\u00bb transform_styles_phone=\u00bb\u00bb border_color_all=\u00bb#FFFFFF\u00bb box_shadow_style=\u00bbpreset4&#8243; box_shadow_horizontal=\u00bb15px\u00bb box_shadow_vertical=\u00bb-15px\u00bb box_shadow_color=\u00bb#1b365f\u00bb box_shadow_color_tablet=\u00bbRGBA(255,255,255,0)\u00bb box_shadow_color_phone=\u00bbRGBA(255,255,255,0)\u00bb box_shadow_color_last_edited=\u00bbon|phone\u00bb global_colors_info=\u00bb{}\u00bb][\/et_pb_image][\/et_pb_column][\/et_pb_row][et_pb_row column_structure=\u00bb1_2,1_2&#8243; make_equal=\u00bbon\u00bb _builder_version=\u00bb4.27.2&#8243; _module_preset=\u00bbdefault\u00bb global_colors_info=\u00bb{}\u00bb][et_pb_column type=\u00bb1_2&#8243; _builder_version=\u00bb4.27.0&#8243; _module_preset=\u00bbdefault\u00bb global_colors_info=\u00bb{}\u00bb][et_pb_blurb title=\u00bbMisi\u00f3n\u00bb use_icon=\u00bbon\u00bb font_icon=\u00bb&#xf27a;||fa||900&#8243; icon_color=\u00bb#FFFFFF\u00bb image_icon_background_color=\u00bbRGBA(255,255,255,0)\u00bb icon_placement=\u00bbleft\u00bb _builder_version=\u00bb4.27.2&#8243; _module_preset=\u00bbdefault\u00bb header_text_color=\u00bb#FFFFFF\u00bb body_text_color=\u00bb#FFFFFF\u00bb background_color=\u00bb#1B365F\u00bb text_orientation=\u00bbjustified\u00bb custom_padding=\u00bb30px|30px|30px|20px|true|false\u00bb global_colors_info=\u00bb{}\u00bb]<\/p>\n<p>Construir relaciones de valor con nuestros clientes, proveedores y empleados aumentando la eficiencia y productividad en sus operaciones dentro de diferentes sectores econ\u00f3micos.<\/p>\n<p>[\/et_pb_blurb][\/et_pb_column][et_pb_column type=\u00bb1_2&#8243; _builder_version=\u00bb4.27.0&#8243; _module_preset=\u00bbdefault\u00bb global_colors_info=\u00bb{}\u00bb][et_pb_blurb title=\u00bbVisi\u00f3n\u00bb use_icon=\u00bbon\u00bb font_icon=\u00bb&#xf27a;||fa||900&#8243; icon_color=\u00bb#FFFFFF\u00bb image_icon_background_color=\u00bbRGBA(255,255,255,0)\u00bb icon_placement=\u00bbleft\u00bb _builder_version=\u00bb4.27.2&#8243; _module_preset=\u00bbdefault\u00bb header_text_color=\u00bb#FFFFFF\u00bb body_text_color=\u00bb#FFFFFF\u00bb background_color=\u00bb#2C5999&#8243; text_orientation=\u00bbjustified\u00bb custom_margin=\u00bb||||false|false\u00bb custom_padding=\u00bb30px|30px|30px|20px|true|false\u00bb global_colors_info=\u00bb{}\u00bb]<\/p>\n<p>Para el a\u00f1o 2028 seremos un referente en el mercado nacional e internacional como un conector vital entre la innovaci\u00f3n empresarial y el desarrollo de nuevas tecnolog\u00edas.<\/p>\n<p>[\/et_pb_blurb][\/et_pb_column][\/et_pb_row][et_pb_row _builder_version=\u00bb4.27.0&#8243; _module_preset=\u00bbdefault\u00bb custom_padding=\u00bb57px|||||\u00bb global_colors_info=\u00bb{}\u00bb][et_pb_column type=\u00bb4_4&#8243; _builder_version=\u00bb4.27.0&#8243; _module_preset=\u00bbdefault\u00bb global_colors_info=\u00bb{}\u00bb][et_pb_heading title=\u00bbFundadores\u00bb _builder_version=\u00bb4.27.0&#8243; _module_preset=\u00bbdefault\u00bb global_colors_info=\u00bb{}\u00bb][\/et_pb_heading][\/et_pb_column][\/et_pb_row][et_pb_row column_structure=\u00bb3_4,1_4&#8243; _builder_version=\u00bb4.27.0&#8243; _module_preset=\u00bbdefault\u00bb custom_padding=\u00bb36px|||||\u00bb global_colors_info=\u00bb{}\u00bb][et_pb_column type=\u00bb3_4&#8243; _builder_version=\u00bb4.27.0&#8243; _module_preset=\u00bbdefault\u00bb global_colors_info=\u00bb{}\u00bb][et_pb_text _builder_version=\u00bb4.27.0&#8243; _module_preset=\u00bbdefault\u00bb text_orientation=\u00bbjustified\u00bb global_colors_info=\u00bb{}\u00bb]<\/p>\n<h4>Luis Alberto Pineda PhD (1949-2014)<\/h4>\n<p>Empresario Doctor en Ciencias de la Computaci\u00f3n, escritor, fil\u00f3sofo, estudioso de humanidad, religiones y culturas, visit\u00f3 pa\u00edses. Vivi\u00f3 en Latinoam\u00e9rica, Europa, e India. Estudi\u00f3 Ingenier\u00eda de Sistemas y Computaci\u00f3n en la Universidad de los Andes en Bogot\u00e1, Colombia. Posgrado en Dipl\u00f4me Etudes Approfondies, Universidad Paul Sabatier, Toulouse, Francia. Docteur Ing\u00e9nieur, Universidad Paul Sabatier, Toulouse, Francia, 1980, Tesis tres Honor\u00e9. Desarrollo profesional en Gerencia de empresas y proyectos de sistemas y servicios profesionales del \u00e1rea de inform\u00e1tica; gerencia de proyectos complejos para gobierno y privado. An\u00e1lisis, dise\u00f1o e implementaci\u00f3n de Arquitecturas de Tecnolog\u00eda; Consultor\u00eda en Arquitectura Empresarial. Adquiri\u00f3 experiencia en el sector Banca, Gobierno, Manufactura, y Retail liderando proyectos de entidades importantes como Banco de la Rep\u00fablica, Colseguros, Ministerio de Hacienda, Procuradur\u00eda General de la Naci\u00f3n, Alpina, Proficol y Almacenes \u00c9xito.[\/et_pb_text][\/et_pb_column][et_pb_column type=\u00bb1_4&#8243; _builder_version=\u00bb4.27.0&#8243; _module_preset=\u00bbdefault\u00bb global_colors_info=\u00bb{}\u00bb][et_pb_image src=\u00bbhttps:\/\/ea-strategy.com\/wp-content\/uploads\/2024\/09\/luis-alberto-pineda-fundador.jpg\u00bb title_text=\u00bbluis-alberto-pineda-fundador\u00bb align=\u00bbcenter\u00bb _builder_version=\u00bb4.27.0&#8243; _module_preset=\u00bbdefault\u00bb custom_margin=\u00bb11px||||false|false\u00bb box_shadow_style=\u00bbpreset4&#8243; box_shadow_color=\u00bb#1B365F\u00bb global_colors_info=\u00bb{}\u00bb][\/et_pb_image][\/et_pb_column][\/et_pb_row][et_pb_row column_structure=\u00bb1_4,3_4&#8243; _builder_version=\u00bb4.27.0&#8243; _module_preset=\u00bbdefault\u00bb custom_padding=\u00bb36px|||||\u00bb global_colors_info=\u00bb{}\u00bb][et_pb_column type=\u00bb1_4&#8243; _builder_version=\u00bb4.27.0&#8243; _module_preset=\u00bbdefault\u00bb global_colors_info=\u00bb{}\u00bb][et_pb_image src=\u00bbhttps:\/\/ea-strategy.com\/wp-content\/uploads\/2024\/09\/foto-angela-uruena.png\u00bb title_text=\u00bbfoto-angela-uruena\u00bb align=\u00bbcenter\u00bb _builder_version=\u00bb4.27.0&#8243; _module_preset=\u00bbdefault\u00bb width=\u00bb75%\u00bb custom_margin=\u00bb11px||||false|false\u00bb box_shadow_style=\u00bbpreset4&#8243; box_shadow_color=\u00bb#EB6315&#8243; global_colors_info=\u00bb{}\u00bb][\/et_pb_image][\/et_pb_column][et_pb_column type=\u00bb3_4&#8243; _builder_version=\u00bb4.27.0&#8243; _module_preset=\u00bbdefault\u00bb global_colors_info=\u00bb{}\u00bb][et_pb_text _builder_version=\u00bb4.27.0&#8243; _module_preset=\u00bbdefault\u00bb text_orientation=\u00bbjustified\u00bb custom_margin=\u00bb36px|||||\u00bb global_colors_info=\u00bb{}\u00bb]<\/p>\n<h4>\u00c1ngela Urue\u00f1a | Director Ejecutivo<\/h4>\n<p>Ejecutivo profesional en administraci\u00f3n de empresas y liderazgo. Con m\u00e1s de 15 a\u00f1os de experiencia en la gesti\u00f3n de empresas exitosas de inform\u00e1tica y reconocidos proyectos gubernamentales y privados. Habilidades de liderazgo, negociaci\u00f3n, finanzas, cumplimiento y gesti\u00f3n en la ejecuci\u00f3n de proyectos. Bienvenidos clientes y socios. Estamos comprometidos con los intereses de la empresa y conscientes de los objetivos a liderar todos los d\u00edas.[\/et_pb_text][\/et_pb_column][\/et_pb_row][et_pb_row _builder_version=\u00bb4.27.0&#8243; _module_preset=\u00bbdefault\u00bb custom_padding=\u00bb73px|||||\u00bb global_colors_info=\u00bb{}\u00bb][et_pb_column type=\u00bb4_4&#8243; _builder_version=\u00bb4.27.0&#8243; _module_preset=\u00bbdefault\u00bb global_colors_info=\u00bb{}\u00bb][et_pb_heading title=\u00bbEquipo de Trabajo\u00bb _builder_version=\u00bb4.27.0&#8243; _module_preset=\u00bbdefault\u00bb global_colors_info=\u00bb{}\u00bb][\/et_pb_heading][\/et_pb_column][\/et_pb_row][et_pb_row column_structure=\u00bb1_3,1_3,1_3&#8243; _builder_version=\u00bb4.27.0&#8243; _module_preset=\u00bbdefault\u00bb global_colors_info=\u00bb{}\u00bb][et_pb_column type=\u00bb1_3&#8243; _builder_version=\u00bb4.27.0&#8243; _module_preset=\u00bbdefault\u00bb global_colors_info=\u00bb{}\u00bb][ba_advanced_team photo=\u00bbhttps:\/\/ea-strategy.com\/wp-content\/uploads\/2024\/08\/nosotros-maria-luisa-pineda.jpeg\u00bb member_name=\u00bbMar\u00eda Luisa Pineda\u00bb job_title=\u00bbDirector de ventas y expansi\u00f3n\u00bb email=\u00bb#\u00bb instagram=\u00bb#\u00bb linkedin=\u00bb#\u00bb photo_width=\u00bb120px\u00bb photo_height=\u00bb120px\u00bb photo_alignment=\u00bbcenter\u00bb content_alignment=\u00bbcenter\u00bb social_icon_color=\u00bb#ffffff\u00bb links_bg=\u00bb#1B365F\u00bb links_radius=\u00bb50px\u00bb content_bg_color=\u00bbRGBA(255,255,255,0)\u00bb _builder_version=\u00bb4.27.0&#8243; _module_preset=\u00bbdefault\u00bb name_font=\u00bb|700|||||||\u00bb name_text_color=\u00bb#1B365F\u00bb name_font_size=\u00bb1.2rem\u00bb job_title_text_color=\u00bb#EB6315&#8243; job_title_font_size=\u00bb15px\u00bb custom_padding=\u00bb30px||30px||true|false\u00bb border_radii_photo=\u00bbon|100px|100px|100px|100px\u00bb box_shadow_style_main=\u00bbpreset1&#8243; global_colors_info=\u00bb{}\u00bb][\/ba_advanced_team][\/et_pb_column][et_pb_column type=\u00bb1_3&#8243; _builder_version=\u00bb4.27.0&#8243; _module_preset=\u00bbdefault\u00bb global_colors_info=\u00bb{}\u00bb][ba_advanced_team photo=\u00bbhttps:\/\/ea-strategy.com\/wp-content\/uploads\/2024\/08\/nosotros-juan-camilo-pineda.jpg\u00bb member_name=\u00bbJuan Camilo Pineda\u00bb job_title=\u00bbGesti\u00f3n de proyectos y calidad\u00bb email=\u00bb#\u00bb instagram=\u00bb#\u00bb linkedin=\u00bb#\u00bb photo_width=\u00bb120px\u00bb photo_height=\u00bb120px\u00bb photo_alignment=\u00bbcenter\u00bb content_alignment=\u00bbcenter\u00bb social_icon_color=\u00bb#ffffff\u00bb links_bg=\u00bb#1B365F\u00bb links_radius=\u00bb50px\u00bb content_bg_color=\u00bbRGBA(255,255,255,0)\u00bb overlay_on_hover=\u00bboff\u00bb _builder_version=\u00bb4.27.0&#8243; _module_preset=\u00bbdefault\u00bb name_font=\u00bb|700|||||||\u00bb name_text_color=\u00bb#1B365F\u00bb name_font_size=\u00bb1.2rem\u00bb job_title_text_color=\u00bb#EB6315&#8243; job_title_font_size=\u00bb15px\u00bb custom_padding=\u00bb30px||30px||true|false\u00bb border_radii_photo=\u00bbon|100px|100px|100px|100px\u00bb box_shadow_style_main=\u00bbpreset1&#8243; global_colors_info=\u00bb{}\u00bb][\/ba_advanced_team][\/et_pb_column][et_pb_column type=\u00bb1_3&#8243; _builder_version=\u00bb4.27.0&#8243; _module_preset=\u00bbdefault\u00bb global_colors_info=\u00bb{}\u00bb][ba_advanced_team photo=\u00bbhttps:\/\/ea-strategy.com\/wp-content\/uploads\/2024\/09\/foto-paola-beltran.png\u00bb member_name=\u00bbPaola Beltr\u00e1n\u00bb job_title=\u00bbGerente senior\u00bb email=\u00bb#\u00bb instagram=\u00bb#\u00bb linkedin=\u00bb#\u00bb photo_width=\u00bb120px\u00bb photo_height=\u00bb120px\u00bb photo_alignment=\u00bbcenter\u00bb content_alignment=\u00bbcenter\u00bb social_icon_color=\u00bb#ffffff\u00bb links_bg=\u00bb#1B365F\u00bb links_radius=\u00bb50px\u00bb content_bg_color=\u00bbRGBA(255,255,255,0)\u00bb _builder_version=\u00bb4.27.2&#8243; _module_preset=\u00bbdefault\u00bb name_font=\u00bb|700|||||||\u00bb name_text_color=\u00bb#1B365F\u00bb name_font_size=\u00bb1.2rem\u00bb job_title_text_color=\u00bb#EB6315&#8243; job_title_font_size=\u00bb15px\u00bb custom_padding=\u00bb30px||30px||true|false\u00bb border_radii_photo=\u00bbon|100px|100px|100px|100px\u00bb box_shadow_style_main=\u00bbpreset1&#8243; global_colors_info=\u00bb{}\u00bb][\/ba_advanced_team][\/et_pb_column][\/et_pb_row][\/et_pb_section]<\/p>\n","protected":false},"excerpt":{"rendered":"<p>\u201cCada vez que veas un negocio exitoso, fue porque alguna vez alguien tom\u00f3 una decisi\u00f3n valiente\u201d.EA-Strategy es una empresa colombiana con operaciones en Atlanta, Georgia, que lleva 9 a\u00f1os ofreciendo soluciones especializadas en Arquitectura Empresarial y Gesti\u00f3n Electr\u00f3nica de Documentos. Su enfoque es ayudar a las empresas a avanzar en su transformaci\u00f3n digital de manera [&hellip;]<\/p>\n","protected":false},"author":1,"featured_media":0,"parent":0,"menu_order":0,"comment_status":"closed","ping_status":"closed","template":"","meta":{"_et_pb_use_builder":"on","_et_pb_old_content":"","_et_gb_content_width":"","_joinchat":[],"footnotes":""},"class_list":["post-273","page","type-page","status-publish","hentry"],"_links":{"self":[{"href":"https:\/\/ea-strategy.com\/en\/wp-json\/wp\/v2\/pages\/273","targetHints":{"allow":["GET"]}}],"collection":[{"href":"https:\/\/ea-strategy.com\/en\/wp-json\/wp\/v2\/pages"}],"about":[{"href":"https:\/\/ea-strategy.com\/en\/wp-json\/wp\/v2\/types\/page"}],"author":[{"embeddable":true,"href":"https:\/\/ea-strategy.com\/en\/wp-json\/wp\/v2\/users\/1"}],"replies":[{"embeddable":true,"href":"https:\/\/ea-strategy.com\/en\/wp-json\/wp\/v2\/comments?post=273"}],"version-history":[{"count":23,"href":"https:\/\/ea-strategy.com\/en\/wp-json\/wp\/v2\/pages\/273\/revisions"}],"predecessor-version":[{"id":521,"href":"https:\/\/ea-strategy.com\/en\/wp-json\/wp\/v2\/pages\/273\/revisions\/521"}],"wp:attachment":[{"href":"https:\/\/ea-strategy.com\/en\/wp-json\/wp\/v2\/media?parent=273"}],"curies":[{"name":"wp","href":"https:\/\/api.w.org\/{rel}","templated":true}]}}