{"id":271,"date":"2024-09-01T04:08:53","date_gmt":"2024-09-01T09:08:53","guid":{"rendered":"https:\/\/ea-strategy.com\/?page_id=271"},"modified":"2024-10-28T11:12:38","modified_gmt":"2024-10-28T16:12:38","slug":"mailroom","status":"publish","type":"page","link":"https:\/\/ea-strategy.com\/en\/mailroom\/","title":{"rendered":"Mailroom"},"content":{"rendered":"<p>[et_pb_section fb_built=\u00bb1&#8243; _builder_version=\u00bb4.27.0&#8243; _module_preset=\u00bbdefault\u00bb background_color=\u00bb#F7F9FA\u00bb background_enable_mask_style=\u00bbon\u00bb background_mask_style=\u00bbcorner-square\u00bb background_mask_transform=\u00bbflip_horizontal\u00bb custom_padding=\u00bb90px||60px||false|false\u00bb global_colors_info=\u00bb{}\u00bb][et_pb_row column_structure=\u00bb2_5,3_5&#8243; use_custom_gutter=\u00bbon\u00bb gutter_width=\u00bb1&#8243; make_equal=\u00bbon\u00bb custom_padding_last_edited=\u00bbon|tablet\u00bb _builder_version=\u00bb4.27.0&#8243; _module_preset=\u00bbdefault\u00bb background_color=\u00bb#EB6315&#8243; custom_margin=\u00bb||||false|false\u00bb custom_padding=\u00bb0px||0px||false|true\u00bb custom_padding_tablet=\u00bb||||true|true\u00bb custom_padding_phone=\u00bb||||true|true\u00bb box_shadow_style=\u00bbpreset1&#8243; global_colors_info=\u00bb{}\u00bb][et_pb_column type=\u00bb2_5&#8243; _builder_version=\u00bb4.27.0&#8243; _module_preset=\u00bbdefault\u00bb background_enable_color=\u00bboff\u00bb custom_padding_tablet=\u00bb||90px||false|false\u00bb custom_padding_phone=\u00bb||90px||false|false\u00bb custom_padding_last_edited=\u00bbon|phone\u00bb global_colors_info=\u00bb{}\u00bb][et_pb_heading title=\u00bbMAILROOM\u00bb _builder_version=\u00bb4.27.0&#8243; _module_preset=\u00bbdefault\u00bb title_text_align=\u00bbcenter\u00bb title_text_color=\u00bb#F7F9FA\u00bb custom_margin=\u00bb||6px||false|false\u00bb custom_padding=\u00bb59px|30px||30px|false|true\u00bb custom_padding_tablet=\u00bb76px|30px||30px|false|true\u00bb custom_padding_phone=\u00bb||||false|true\u00bb custom_padding_last_edited=\u00bbon|desktop\u00bb global_colors_info=\u00bb{}\u00bb][\/et_pb_heading][et_pb_text _builder_version=\u00bb4.27.0&#8243; _module_preset=\u00bbdefault\u00bb text_text_color=\u00bb#FFFFFF\u00bb text_font_size=\u00bb20px\u00bb text_orientation=\u00bbcenter\u00bb custom_padding=\u00bb|30px||30px|false|true\u00bb global_colors_info=\u00bb{}\u00bb]<\/p>\n<p><strong>Automatizaci\u00f3n de correspondencia y facturaci\u00f3n<\/strong><\/p>\n<p>Automatizaci\u00f3n desde el radicado hasta el gestor documental, usando una metodolog\u00eda simple y poderosa.<\/p>\n<p>[\/et_pb_text][\/et_pb_column][et_pb_column type=\u00bb3_5&#8243; _builder_version=\u00bb4.27.0&#8243; _module_preset=\u00bbdefault\u00bb background_color=\u00bb#FFFFFF\u00bb global_colors_info=\u00bb{}\u00bb][et_pb_image src=\u00bbhttps:\/\/ea-strategy.com\/wp-content\/uploads\/2024\/08\/logo-producto-mailroom.png\u00bb title_text=\u00bblogo-producto-mailroom\u00bb align=\u00bbcenter\u00bb _builder_version=\u00bb4.27.0&#8243; _module_preset=\u00bbdefault\u00bb custom_padding=\u00bb90px||125px||false|false\u00bb custom_padding_tablet=\u00bb90px||125px||false|false\u00bb custom_padding_phone=\u00bb|20px||20px|false|true\u00bb custom_padding_last_edited=\u00bbon|tablet\u00bb border_color_all=\u00bb#2C5999&#8243; global_colors_info=\u00bb{}\u00bb][\/et_pb_image][\/et_pb_column][\/et_pb_row][\/et_pb_section][et_pb_section fb_built=\u00bb1&#8243; _builder_version=\u00bb4.27.0&#8243; _module_preset=\u00bbdefault\u00bb background_enable_mask_style=\u00bbon\u00bb background_mask_style=\u00bbcorner-square\u00bb background_mask_color=\u00bb#F7F9FA\u00bb background_mask_transform=\u00bbflip_vertical|invert\u00bb custom_margin=\u00bb||||false|false\u00bb custom_padding=\u00bb0px||150px||false|false\u00bb top_divider_color=\u00bb#F7F9FA\u00bb top_divider_flip=\u00bbhorizontal\u00bb global_colors_info=\u00bb{}\u00bb][et_pb_row use_custom_gutter=\u00bbon\u00bb gutter_width=\u00bb1&#8243; _builder_version=\u00bb4.27.2&#8243; _module_preset=\u00bbdefault\u00bb background_enable_color=\u00bboff\u00bb transform_scale_tablet=\u00bb\u00bb transform_scale_phone=\u00bb\u00bb transform_scale_last_edited=\u00bbon|phone\u00bb transform_translate=\u00bb0px|-95px\u00bb transform_translate_tablet=\u00bb0px|-115px\u00bb transform_translate_phone=\u00bb0px|-24px\u00bb transform_translate_last_edited=\u00bbon|phone\u00bb transform_translate_linked=\u00bboff\u00bb transform_rotate_tablet=\u00bb\u00bb transform_rotate_phone=\u00bb\u00bb transform_rotate_last_edited=\u00bbon|desktop\u00bb transform_skew_tablet=\u00bb\u00bb transform_skew_phone=\u00bb\u00bb transform_skew_last_edited=\u00bbon|desktop\u00bb transform_origin_tablet=\u00bb\u00bb transform_origin_phone=\u00bb\u00bb transform_origin_last_edited=\u00bbon|desktop\u00bb transform_styles_last_edited=\u00bbon|phone\u00bb z_index=\u00bb9&#8243; width=\u00bb49%\u00bb width_tablet=\u00bb72%\u00bb width_phone=\u00bb80%\u00bb width_last_edited=\u00bbon|phone\u00bb custom_margin=\u00bb||37px||false|false\u00bb custom_padding=\u00bb0px||||false|false\u00bb hover_enabled=\u00bb0&#8243; transform_styles_tablet=\u00bb\u00bb transform_styles_phone=\u00bb\u00bb border_radii=\u00bboff|9px|9px||\u00bb global_colors_info=\u00bb{}\u00bb sticky_enabled=\u00bb0&#8243;][et_pb_column type=\u00bb4_4&#8243; _builder_version=\u00bb4.27.0&#8243; _module_preset=\u00bbdefault\u00bb background_color=\u00bb#F7F9FA\u00bb custom_padding=\u00bb45px|40px|45px|40px|true|true\u00bb global_colors_info=\u00bb{}\u00bb][et_pb_text _builder_version=\u00bb4.27.2&#8243; _module_preset=\u00bbdefault\u00bb text_orientation=\u00bbjustified\u00bb hover_enabled=\u00bb0&#8243; global_colors_info=\u00bb{}\u00bb sticky_enabled=\u00bb0&#8243;]Sistema que automatiza la correspondencia entrante y saliente, junto con los flujos de trabajo de facturaci\u00f3n, gestionando estos documentos desde el archivo hasta su administraci\u00f3n adecuada mediante una metodolog\u00eda simple pero efectiva. Ofrece funcionalidades como notificaciones por correo electr\u00f3nico, archivo digital seguro, consultas protegidas, generaci\u00f3n de informes y m\u00e1s.<\/p>\n<p>La correspondencia es la puerta de entrada a documentos importantes y oficiales, como facturas, documentos bancarios, legales, entre otros. El proceso seguido para estos documentos var\u00eda seg\u00fan las decisiones de gesti\u00f3n y su destino final. Para las organizaciones es fundamental que estos procesos se completen en poco tiempo, de manera segura y autom\u00e1tica, con un registro completo de trazabilidad. La automatizaci\u00f3n y digitalizaci\u00f3n de estos procedimientos reduce p\u00e9rdidas de tiempo y costos, garantizando una respuesta y gesti\u00f3n eficiente y oportuna de los documentos.<\/p>\n<p>MailRoom es la soluci\u00f3n de correspondencia m\u00e1s s\u00f3lida del mercado actual, integr\u00e1ndose f\u00e1cilmente con sistemas de gesti\u00f3n documental y Outlook. En poco tiempo, ha demostrado aportar valor inmediato a las empresas colombianas en su ciclo de mejora continua y automatizaci\u00f3n de procesos.<\/p>\n<p>Cualquier empresa, ya sea grande, mediana o peque\u00f1a, se beneficia de sus potentes caracter\u00edsticas y costos accesibles, dando el primer paso hacia una iniciativa de cero papel. Esto optimiza el tiempo, mejora el servicio a proveedores y clientes, y contribuye al cuidado del medio ambiente.[\/et_pb_text][et_pb_button button_url=\u00bb@ET-DC@eyJkeW5hbWljIjp0cnVlLCJjb250ZW50IjoicG9zdF9saW5rX3VybF9wYWdlIiwic2V0dGluZ3MiOnsicG9zdF9pZCI6IjI1OSJ9fQ==@\u00bb button_text=\u00bbGesti\u00f3n de Documentos\u00bb button_alignment=\u00bbright\u00bb _builder_version=\u00bb4.27.0&#8243; _dynamic_attributes=\u00bbbutton_url\u00bb _module_preset=\u00bbdefault\u00bb custom_margin=\u00bb29px||||false|false\u00bb custom_padding=\u00bb|45px||30px|false|false\u00bb box_shadow_style=\u00bbpreset1&#8243; locked=\u00bboff\u00bb global_colors_info=\u00bb{}\u00bb][\/et_pb_button][\/et_pb_column][\/et_pb_row][et_pb_row _builder_version=\u00bb4.27.2&#8243; _module_preset=\u00bbdefault\u00bb transform_translate=\u00bb0px|-60px\u00bb transform_translate_linked=\u00bboff\u00bb custom_padding=\u00bb60px|30px|60px|30px|true|true\u00bb hover_enabled=\u00bb0&#8243; border_radii=\u00bbon|9px|9px|9px|9px\u00bb box_shadow_style=\u00bbpreset1&#8243; global_colors_info=\u00bb{}\u00bb background_color=\u00bb#eb6315&#8243; sticky_enabled=\u00bb0&#8243; locked=\u00bboff\u00bb][et_pb_column type=\u00bb4_4&#8243; _builder_version=\u00bb4.27.0&#8243; _module_preset=\u00bbdefault\u00bb global_colors_info=\u00bb{}\u00bb][et_pb_contact_form title=\u00bbFormulario de Contacto\u00bb submit_button_text=\u00bbEnviar\u00bb _builder_version=\u00bb4.27.2&#8243; _module_preset=\u00bbdefault\u00bb _unique_id=\u00bb6e425b0d-1ceb-4763-829e-ee91d8e262fb\u00bb form_field_background_color=\u00bb#F7F9FA\u00bb form_field_text_color=\u00bb#EB6315&#8243; form_field_focus_background_color=\u00bb#DFEAF4&#8243; form_field_custom_padding=\u00bb12px||12px||true|false\u00bb title_level=\u00bbh2&#8243; title_font=\u00bb|600|||||||\u00bb title_font_size=\u00bb31px\u00bb background_enable_color=\u00bboff\u00bb custom_button=\u00bbon\u00bb button_icon=\u00bb&#xe046;||divi||400&#8243; button_icon_color=\u00bb#EB6315&#8243; button_on_hover=\u00bboff\u00bb button_custom_margin=\u00bb15px||||false|false\u00bb button_custom_padding=\u00bb|40px||25px|true|false\u00bb hover_enabled=\u00bb0&#8243; custom_css_contact_title=\u00bbmargin-bottom: 20px;\u00bb custom_css_contact_fields=\u00bbborder-radius: 9px;\u00bb custom_css_text_field=\u00bbborder-radius: 9px;\u00bb custom_css_captcha_field=\u00bbmargin: 15px 0 0 15px;\u00bb box_shadow_style_button=\u00bbpreset1&#8243; global_colors_info=\u00bb{}\u00bb title_text_color=\u00bb#FFFFFF\u00bb captcha_text_color=\u00bb#FFFFFF\u00bb button_text_color=\u00bb#EB6315&#8243; email=\u00bbadministrativo@ea-strategy.com\u00bb custom_message=\u00bbMensaje enviado desde el formulario del sitio web (Producto Mailroom)||et_pb_line_break_holder||||et_pb_line_break_holder||Nombre: %%nombre%%||et_pb_line_break_holder||Celular: %%celular%%||et_pb_line_break_holder||Correo: %%email%%||et_pb_line_break_holder||||et_pb_line_break_holder||Mensaje: %%mensaje%%\u00bb success_message=\u00bbSu mensaje ha sido enviado. \u00a1Gracias!\u00bb sticky_enabled=\u00bb0&#8243;][et_pb_contact_field field_id=\u00bbnombre\u00bb field_title=\u00bbNombre\u00bb _builder_version=\u00bb4.27.0&#8243; global_colors_info=\u00bb{}\u00bb button_text_size__hover_enabled=\u00bboff\u00bb button_one_text_size__hover_enabled=\u00bboff\u00bb button_two_text_size__hover_enabled=\u00bboff\u00bb button_text_color__hover_enabled=\u00bboff\u00bb button_one_text_color__hover_enabled=\u00bboff\u00bb button_two_text_color__hover_enabled=\u00bboff\u00bb button_border_width__hover_enabled=\u00bboff\u00bb button_one_border_width__hover_enabled=\u00bboff\u00bb button_two_border_width__hover_enabled=\u00bboff\u00bb button_border_color__hover_enabled=\u00bboff\u00bb button_one_border_color__hover_enabled=\u00bboff\u00bb button_two_border_color__hover_enabled=\u00bboff\u00bb button_border_radius__hover_enabled=\u00bboff\u00bb button_one_border_radius__hover_enabled=\u00bboff\u00bb button_two_border_radius__hover_enabled=\u00bboff\u00bb button_letter_spacing__hover_enabled=\u00bboff\u00bb button_one_letter_spacing__hover_enabled=\u00bboff\u00bb button_two_letter_spacing__hover_enabled=\u00bboff\u00bb button_bg_color__hover_enabled=\u00bboff\u00bb button_one_bg_color__hover_enabled=\u00bboff\u00bb button_two_bg_color__hover_enabled=\u00bboff\u00bb][\/et_pb_contact_field][et_pb_contact_field field_id=\u00bbcelular\u00bb field_title=\u00bbN\u00famero Celular\u00bb _builder_version=\u00bb4.27.0&#8243; global_colors_info=\u00bb{}\u00bb button_text_size__hover_enabled=\u00bboff\u00bb button_one_text_size__hover_enabled=\u00bboff\u00bb button_two_text_size__hover_enabled=\u00bboff\u00bb button_text_color__hover_enabled=\u00bboff\u00bb button_one_text_color__hover_enabled=\u00bboff\u00bb button_two_text_color__hover_enabled=\u00bboff\u00bb button_border_width__hover_enabled=\u00bboff\u00bb button_one_border_width__hover_enabled=\u00bboff\u00bb button_two_border_width__hover_enabled=\u00bboff\u00bb button_border_color__hover_enabled=\u00bboff\u00bb button_one_border_color__hover_enabled=\u00bboff\u00bb button_two_border_color__hover_enabled=\u00bboff\u00bb button_border_radius__hover_enabled=\u00bboff\u00bb button_one_border_radius__hover_enabled=\u00bboff\u00bb button_two_border_radius__hover_enabled=\u00bboff\u00bb button_letter_spacing__hover_enabled=\u00bboff\u00bb button_one_letter_spacing__hover_enabled=\u00bboff\u00bb button_two_letter_spacing__hover_enabled=\u00bboff\u00bb button_bg_color__hover_enabled=\u00bboff\u00bb button_one_bg_color__hover_enabled=\u00bboff\u00bb button_two_bg_color__hover_enabled=\u00bboff\u00bb][\/et_pb_contact_field][et_pb_contact_field field_id=\u00bbemail\u00bb field_title=\u00bbCorreo electr\u00f3nico\u00bb field_type=\u00bbemail\u00bb fullwidth_field=\u00bbon\u00bb _builder_version=\u00bb4.27.0&#8243; global_colors_info=\u00bb{}\u00bb button_text_size__hover_enabled=\u00bboff\u00bb button_one_text_size__hover_enabled=\u00bboff\u00bb button_two_text_size__hover_enabled=\u00bboff\u00bb button_text_color__hover_enabled=\u00bboff\u00bb button_one_text_color__hover_enabled=\u00bboff\u00bb button_two_text_color__hover_enabled=\u00bboff\u00bb button_border_width__hover_enabled=\u00bboff\u00bb button_one_border_width__hover_enabled=\u00bboff\u00bb button_two_border_width__hover_enabled=\u00bboff\u00bb button_border_color__hover_enabled=\u00bboff\u00bb button_one_border_color__hover_enabled=\u00bboff\u00bb button_two_border_color__hover_enabled=\u00bboff\u00bb button_border_radius__hover_enabled=\u00bboff\u00bb button_one_border_radius__hover_enabled=\u00bboff\u00bb button_two_border_radius__hover_enabled=\u00bboff\u00bb button_letter_spacing__hover_enabled=\u00bboff\u00bb button_one_letter_spacing__hover_enabled=\u00bboff\u00bb button_two_letter_spacing__hover_enabled=\u00bboff\u00bb button_bg_color__hover_enabled=\u00bboff\u00bb button_one_bg_color__hover_enabled=\u00bboff\u00bb button_two_bg_color__hover_enabled=\u00bboff\u00bb][\/et_pb_contact_field][et_pb_contact_field field_id=\u00bbmensaje\u00bb field_title=\u00bbMensaje\u00bb field_type=\u00bbtext\u00bb fullwidth_field=\u00bbon\u00bb _builder_version=\u00bb4.27.0&#8243; global_colors_info=\u00bb{}\u00bb button_text_size__hover_enabled=\u00bboff\u00bb button_one_text_size__hover_enabled=\u00bboff\u00bb button_two_text_size__hover_enabled=\u00bboff\u00bb button_text_color__hover_enabled=\u00bboff\u00bb button_one_text_color__hover_enabled=\u00bboff\u00bb button_two_text_color__hover_enabled=\u00bboff\u00bb button_border_width__hover_enabled=\u00bboff\u00bb button_one_border_width__hover_enabled=\u00bboff\u00bb button_two_border_width__hover_enabled=\u00bboff\u00bb button_border_color__hover_enabled=\u00bboff\u00bb button_one_border_color__hover_enabled=\u00bboff\u00bb button_two_border_color__hover_enabled=\u00bboff\u00bb button_border_radius__hover_enabled=\u00bboff\u00bb button_one_border_radius__hover_enabled=\u00bboff\u00bb button_two_border_radius__hover_enabled=\u00bboff\u00bb button_letter_spacing__hover_enabled=\u00bboff\u00bb button_one_letter_spacing__hover_enabled=\u00bboff\u00bb button_two_letter_spacing__hover_enabled=\u00bboff\u00bb button_bg_color__hover_enabled=\u00bboff\u00bb button_one_bg_color__hover_enabled=\u00bboff\u00bb button_two_bg_color__hover_enabled=\u00bboff\u00bb][\/et_pb_contact_field][\/et_pb_contact_form][\/et_pb_column][\/et_pb_row][\/et_pb_section]<\/p>\n","protected":false},"excerpt":{"rendered":"<p>Automatizaci\u00f3n de correspondencia y facturaci\u00f3n Automatizaci\u00f3n desde el radicado hasta el gestor documental, usando una metodolog\u00eda simple y poderosa.Sistema que automatiza la correspondencia entrante y saliente, junto con los flujos de trabajo de facturaci\u00f3n, gestionando estos documentos desde el archivo hasta su administraci\u00f3n adecuada mediante una metodolog\u00eda simple pero efectiva. Ofrece funcionalidades como notificaciones por [&hellip;]<\/p>\n","protected":false},"author":1,"featured_media":0,"parent":0,"menu_order":0,"comment_status":"closed","ping_status":"closed","template":"","meta":{"_et_pb_use_builder":"on","_et_pb_old_content":"","_et_gb_content_width":"","_joinchat":[],"footnotes":""},"class_list":["post-271","page","type-page","status-publish","hentry"],"_links":{"self":[{"href":"https:\/\/ea-strategy.com\/en\/wp-json\/wp\/v2\/pages\/271","targetHints":{"allow":["GET"]}}],"collection":[{"href":"https:\/\/ea-strategy.com\/en\/wp-json\/wp\/v2\/pages"}],"about":[{"href":"https:\/\/ea-strategy.com\/en\/wp-json\/wp\/v2\/types\/page"}],"author":[{"embeddable":true,"href":"https:\/\/ea-strategy.com\/en\/wp-json\/wp\/v2\/users\/1"}],"replies":[{"embeddable":true,"href":"https:\/\/ea-strategy.com\/en\/wp-json\/wp\/v2\/comments?post=271"}],"version-history":[{"count":4,"href":"https:\/\/ea-strategy.com\/en\/wp-json\/wp\/v2\/pages\/271\/revisions"}],"predecessor-version":[{"id":460,"href":"https:\/\/ea-strategy.com\/en\/wp-json\/wp\/v2\/pages\/271\/revisions\/460"}],"wp:attachment":[{"href":"https:\/\/ea-strategy.com\/en\/wp-json\/wp\/v2\/media?parent=271"}],"curies":[{"name":"wp","href":"https:\/\/api.w.org\/{rel}","templated":true}]}}