{"id":267,"date":"2024-09-01T04:08:03","date_gmt":"2024-09-01T09:08:03","guid":{"rendered":"https:\/\/ea-strategy.com\/?page_id=267"},"modified":"2024-11-07T09:16:11","modified_gmt":"2024-11-07T14:16:11","slug":"mega-hopex","status":"publish","type":"page","link":"https:\/\/ea-strategy.com\/en\/mega-hopex\/","title":{"rendered":"Mega Hopex"},"content":{"rendered":"<p>[et_pb_section fb_built=\u00bb1&#8243; _builder_version=\u00bb4.27.0&#8243; _module_preset=\u00bbdefault\u00bb background_color=\u00bb#F7F9FA\u00bb background_enable_mask_style=\u00bbon\u00bb background_mask_style=\u00bbcorner-square\u00bb background_mask_transform=\u00bbflip_horizontal\u00bb custom_padding=\u00bb90px||60px||false|false\u00bb global_colors_info=\u00bb{}\u00bb][et_pb_row column_structure=\u00bb2_5,3_5&#8243; use_custom_gutter=\u00bbon\u00bb gutter_width=\u00bb1&#8243; make_equal=\u00bbon\u00bb custom_padding_last_edited=\u00bbon|tablet\u00bb _builder_version=\u00bb4.27.0&#8243; _module_preset=\u00bbdefault\u00bb background_color=\u00bb#EB6315&#8243; custom_margin=\u00bb||||false|false\u00bb custom_padding=\u00bb0px||0px||false|true\u00bb custom_padding_tablet=\u00bb||||true|true\u00bb custom_padding_phone=\u00bb||||true|true\u00bb box_shadow_style=\u00bbpreset1&#8243; global_colors_info=\u00bb{}\u00bb][et_pb_column type=\u00bb2_5&#8243; _builder_version=\u00bb4.27.0&#8243; _module_preset=\u00bbdefault\u00bb background_enable_color=\u00bboff\u00bb custom_padding_tablet=\u00bb||90px||false|false\u00bb custom_padding_phone=\u00bb||90px||false|false\u00bb custom_padding_last_edited=\u00bbon|phone\u00bb global_colors_info=\u00bb{}\u00bb][et_pb_heading title=\u00bbMEGA\u00bb _builder_version=\u00bb4.27.0&#8243; _module_preset=\u00bbdefault\u00bb title_text_align=\u00bbcenter\u00bb title_text_color=\u00bb#F7F9FA\u00bb custom_margin=\u00bb||6px||false|false\u00bb custom_padding=\u00bb65px|30px||30px|false|true\u00bb custom_padding_tablet=\u00bb76px|30px||30px|false|true\u00bb custom_padding_phone=\u00bb||||false|true\u00bb custom_padding_last_edited=\u00bbon|desktop\u00bb global_colors_info=\u00bb{}\u00bb][\/et_pb_heading][et_pb_text _builder_version=\u00bb4.27.0&#8243; _module_preset=\u00bbdefault\u00bb text_text_color=\u00bb#FFFFFF\u00bb text_font_size=\u00bb20px\u00bb text_orientation=\u00bbcenter\u00bb custom_padding=\u00bb|30px||30px|false|true\u00bb global_colors_info=\u00bb{}\u00bb]<\/p>\n<p><strong>Transformaci\u00f3n estrat\u00e9gica de negocios<\/strong><\/p>\n<p>Identifique el estado actual de su estructura empresarial y la ruta m\u00e1s eficiente para llegar al objetivo de su organizaci\u00f3n.<\/p>\n<p>[\/et_pb_text][\/et_pb_column][et_pb_column type=\u00bb3_5&#8243; _builder_version=\u00bb4.27.0&#8243; _module_preset=\u00bbdefault\u00bb background_color=\u00bb#FFFFFF\u00bb global_colors_info=\u00bb{}\u00bb][et_pb_image src=\u00bbhttps:\/\/ea-strategy.com\/wp-content\/uploads\/2024\/08\/logo-producto-mega.png\u00bb title_text=\u00bblogo-producto-mega\u00bb align=\u00bbcenter\u00bb _builder_version=\u00bb4.27.0&#8243; _module_preset=\u00bbdefault\u00bb custom_padding=\u00bb90px||125px||false|false\u00bb custom_padding_tablet=\u00bb90px||125px||false|false\u00bb custom_padding_phone=\u00bb|20px||20px|false|true\u00bb custom_padding_last_edited=\u00bbon|tablet\u00bb border_color_all=\u00bb#2C5999&#8243; global_colors_info=\u00bb{}\u00bb][\/et_pb_image][\/et_pb_column][\/et_pb_row][\/et_pb_section][et_pb_section fb_built=\u00bb1&#8243; _builder_version=\u00bb4.27.0&#8243; _module_preset=\u00bbdefault\u00bb background_enable_mask_style=\u00bbon\u00bb background_mask_style=\u00bbcorner-square\u00bb background_mask_color=\u00bb#F7F9FA\u00bb background_mask_transform=\u00bbflip_vertical|invert\u00bb custom_margin=\u00bb||||false|false\u00bb custom_padding=\u00bb0px||150px||false|false\u00bb top_divider_color=\u00bb#F7F9FA\u00bb top_divider_flip=\u00bbhorizontal\u00bb global_colors_info=\u00bb{}\u00bb][et_pb_row use_custom_gutter=\u00bbon\u00bb gutter_width=\u00bb1&#8243; _builder_version=\u00bb4.27.2&#8243; _module_preset=\u00bbdefault\u00bb background_enable_color=\u00bboff\u00bb transform_scale_tablet=\u00bb\u00bb transform_scale_phone=\u00bb\u00bb transform_scale_last_edited=\u00bbon|phone\u00bb transform_translate=\u00bb0px|-95px\u00bb transform_translate_tablet=\u00bb0px|-115px\u00bb transform_translate_phone=\u00bb0px|-24px\u00bb transform_translate_last_edited=\u00bbon|phone\u00bb transform_translate_linked=\u00bboff\u00bb transform_rotate_tablet=\u00bb\u00bb transform_rotate_phone=\u00bb\u00bb transform_rotate_last_edited=\u00bbon|desktop\u00bb transform_skew_tablet=\u00bb\u00bb transform_skew_phone=\u00bb\u00bb transform_skew_last_edited=\u00bbon|desktop\u00bb transform_origin_tablet=\u00bb\u00bb transform_origin_phone=\u00bb\u00bb transform_origin_last_edited=\u00bbon|desktop\u00bb transform_styles_last_edited=\u00bbon|phone\u00bb z_index=\u00bb9&#8243; width=\u00bb49%\u00bb width_tablet=\u00bb72%\u00bb width_phone=\u00bb80%\u00bb width_last_edited=\u00bbon|phone\u00bb custom_margin=\u00bb||37px||false|false\u00bb custom_padding=\u00bb0px||||false|false\u00bb transform_styles_tablet=\u00bb\u00bb transform_styles_phone=\u00bb\u00bb border_radii=\u00bboff|9px|9px||\u00bb global_colors_info=\u00bb{}\u00bb][et_pb_column type=\u00bb4_4&#8243; _builder_version=\u00bb4.27.0&#8243; _module_preset=\u00bbdefault\u00bb background_color=\u00bb#F7F9FA\u00bb custom_padding=\u00bb45px|40px|45px|40px|true|true\u00bb global_colors_info=\u00bb{}\u00bb][et_pb_text _builder_version=\u00bb4.27.0&#8243; _module_preset=\u00bbdefault\u00bb text_orientation=\u00bbjustified\u00bb global_colors_info=\u00bb{}\u00bb]HOPEX es la plataforma l\u00edder de EA (Arquitectura Empresarial) y GRC (Gobierno Riesgo y Cumplimiento) que permite crear una representaci\u00f3n visual digital de la organizaci\u00f3n conectando perspectivas de objetivos estrat\u00e9gicos, procesos de negocios, personas, tecnolog\u00eda, datos y riesgos de forma hol\u00edstica.<\/p>\n<p>Por und\u00e9cimo a\u00f1o consecutivo, Gartner, Inc. ha nombrado a MEGA International como L\u00edder en su Cuadrante M\u00e1gico para Herramientas de Arquitectura Empresarial permitiendo a las empresas acelerar la transformaci\u00f3n del negocio con un enfoque basado en resultados.<\/p>\n<p>Cuenta con m\u00e1s de 2700 clientes activos y leales en m\u00e1s de 40 pa\u00edses y ampl\u00eda su cobertura a trav\u00e9s de partners comerciales y distribuidores en pa\u00edses como Australia, Canad\u00e1, Chile, Colombia, Dinamarca, Emiratos \u00c1rabes Unidos, India, Marruecos, Panam\u00e1, Per\u00fa, Polonia, Singapur, Turqu\u00eda y otros.[\/et_pb_text][\/et_pb_column][\/et_pb_row][et_pb_row _builder_version=\u00bb4.27.0&#8243; _module_preset=\u00bbdefault\u00bb transform_translate=\u00bb0px|-146px\u00bb transform_translate_linked=\u00bboff\u00bb global_colors_info=\u00bb{}\u00bb][et_pb_column type=\u00bb4_4&#8243; _builder_version=\u00bb4.27.0&#8243; _module_preset=\u00bbdefault\u00bb global_colors_info=\u00bb{}\u00bb][et_pb_heading title=\u00bbTransformaci\u00f3n estrat\u00e9gica de negocios  Identifique el estado actual de su estructura empresarial y la ruta m\u00e1s eficiente para llegar al objetivo de su organizaci\u00f3n.\u00bb _builder_version=\u00bb4.27.0&#8243; _module_preset=\u00bbdefault\u00bb title_level=\u00bbh6&#8243; title_text_align=\u00bbcenter\u00bb global_colors_info=\u00bb{}\u00bb][\/et_pb_heading][\/et_pb_column][\/et_pb_row][et_pb_row column_structure=\u00bb1_2,1_2&#8243; make_equal=\u00bbon\u00bb _builder_version=\u00bb4.27.0&#8243; _module_preset=\u00bbdefault\u00bb transform_translate=\u00bb0px|-140px\u00bb transform_translate_linked=\u00bboff\u00bb global_colors_info=\u00bb{}\u00bb][et_pb_column type=\u00bb1_2&#8243; _builder_version=\u00bb4.27.0&#8243; _module_preset=\u00bbdefault\u00bb custom_padding=\u00bb15px|15px|15px|15px|true|true\u00bb border_width_all=\u00bb1px\u00bb border_color_all=\u00bb#F7F9FA\u00bb box_shadow_style=\u00bbpreset1&#8243; global_colors_info=\u00bb{}\u00bb][et_pb_blurb title=\u00bbArquitectura Empresarial\u00bb image=\u00bbhttps:\/\/ea-strategy.com\/wp-content\/uploads\/2024\/10\/servicio-arquitectura-empresarial.jpg\u00bb alt=\u00bbServicio arquitectura empresarial\u00bb _builder_version=\u00bb4.27.2&#8243; _module_preset=\u00bbdefault\u00bb text_orientation=\u00bbcenter\u00bb global_colors_info=\u00bb{}\u00bb]<\/p>\n<p>Capture y conecte informaci\u00f3n, datos, procesos y tecnolog\u00eda y brinde contexto para tomar mejores decisiones y obtenga una visi\u00f3n integral de los impactos causados \u200b\u200bpor los constantes cambios comerciales de su organizaci\u00f3n.<\/p>\n<p><span style=\"font-size: 19px; color: #1b365f;\">Incluye tres productos importantes:<\/span><\/p>\n<p>[\/et_pb_blurb][et_pb_accordion open_toggle_text_color=\u00bb#EB6315&#8243; closed_toggle_background_color=\u00bb#F7F9FA\u00bb _builder_version=\u00bb4.27.2&#8243; _module_preset=\u00bbdefault\u00bb toggle_text_color=\u00bb#1B365F\u00bb toggle_level=\u00bbh3&#8243; toggle_font_size=\u00bb17px\u00bb custom_margin=\u00bb20px||||false|false\u00bb custom_padding=\u00bb7px||||false|false\u00bb custom_css_toggle=\u00bbpadding: 10px;\u00bb border_color_all=\u00bb#F7F9FA\u00bb global_colors_info=\u00bb{}\u00bb][et_pb_accordion_item title=\u00bbArquitectura de Negocios\u00bb open=\u00bbon\u00bb _builder_version=\u00bb4.27.2&#8243; _module_preset=\u00bbdefault\u00bb global_colors_info=\u00bb{}\u00bb]<\/p>\n<p style=\"text-align: justify;\">Ayuda a identificar las capacidades de su organizaci\u00f3n y las conecta con sus objetivos estrat\u00e9gicos. Dise\u00f1e y comunique su hoja de ruta para la transformaci\u00f3n empresarial.<\/p>\n<p>[\/et_pb_accordion_item][et_pb_accordion_item title=\u00bbArquitectura TI\u00bb _builder_version=\u00bb4.27.2&#8243; _module_preset=\u00bbdefault\u00bb global_colors_info=\u00bb{}\u00bb open=\u00bboff\u00bb]<\/p>\n<p style=\"text-align: justify;\">Ayuda a mantener la arquitectura de su empresa alineada con estrategias de mercado cambiantes, tecnolog\u00edas emergentes y desarrollos \u00e1giles.<\/p>\n<p>[\/et_pb_accordion_item][et_pb_accordion_item title=\u00bbGesti\u00f3n de Cartera IT\u00bb _builder_version=\u00bb4.27.2&#8243; _module_preset=\u00bbdefault\u00bb global_colors_info=\u00bb{}\u00bb open=\u00bboff\u00bb]<\/p>\n<p style=\"text-align: justify;\">Optimice su presupuesto de TI para permitir inversiones en crecimiento e innovaci\u00f3n. Realice un inventario de sus activos tecnol\u00f3gicos y aplicaciones, monitoree la obsolescencia de la tecnolog\u00eda y gestione proyectos de TI, prioriz\u00e1ndolos seg\u00fan su alineaci\u00f3n estrat\u00e9gica.<\/p>\n<p>[\/et_pb_accordion_item][\/et_pb_accordion][\/et_pb_column][et_pb_column type=\u00bb1_2&#8243; _builder_version=\u00bb4.27.0&#8243; _module_preset=\u00bbdefault\u00bb custom_padding=\u00bb15px|15px|15px|15px|true|true\u00bb border_width_all=\u00bb1px\u00bb border_color_all=\u00bb#F7F9FA\u00bb box_shadow_style=\u00bbpreset1&#8243; global_colors_info=\u00bb{}\u00bb][et_pb_blurb title=\u00bbGesti\u00f3n de Riesgos\u00bb image=\u00bbhttps:\/\/ea-strategy.com\/wp-content\/uploads\/2024\/10\/servicio-gestion-de-riego.jpg\u00bb alt=\u00bbServicio gesti\u00f3n de riego\u00bb _builder_version=\u00bb4.27.2&#8243; _module_preset=\u00bbdefault\u00bb text_orientation=\u00bbcenter\u00bb global_colors_info=\u00bb{}\u00bb]<\/p>\n<p>Elimine los problemas en su organizaci\u00f3n con una herramienta de gesti\u00f3n de riesgos que ofrece una vista de 360 \u200b\u200bgrados de sus operaciones comerciales, junto con sus riesgos, para administrarlos con claridad y confianza.<\/p>\n<p><span style=\"font-size: 19px; color: #1b365f;\">Incluye dos productos importantes:<\/span><\/p>\n<p>[\/et_pb_blurb][et_pb_accordion open_toggle_text_color=\u00bb#EB6315&#8243; closed_toggle_background_color=\u00bb#F7F9FA\u00bb _builder_version=\u00bb4.27.2&#8243; _module_preset=\u00bbdefault\u00bb toggle_text_color=\u00bb#1B365F\u00bb toggle_level=\u00bbh3&#8243; toggle_font_size=\u00bb17px\u00bb custom_margin=\u00bb20px||||false|false\u00bb custom_padding=\u00bb7px||||false|false\u00bb custom_css_toggle=\u00bbpadding: 10px;\u00bb border_color_all=\u00bb#F7F9FA\u00bb global_colors_info=\u00bb{}\u00bb][et_pb_accordion_item title=\u00bbAuditor\u00eda Interna\u00bb open=\u00bbon\u00bb _builder_version=\u00bb4.27.2&#8243; _module_preset=\u00bbdefault\u00bb global_colors_info=\u00bb{}\u00bb]<\/p>\n<p style=\"text-align: justify;\">Elimina obst\u00e1culos y mantiene a la organizaci\u00f3n actualizada en innovaci\u00f3n y est\u00e1ndares internacionales.<\/p>\n<p>[\/et_pb_accordion_item][et_pb_accordion_item title=\u00bbGesti\u00f3n Integrada de Riesgos\u00bb _builder_version=\u00bb4.27.2&#8243; _module_preset=\u00bbdefault\u00bb global_colors_info=\u00bb{}\u00bb open=\u00bboff\u00bb]<\/p>\n<p style=\"text-align: justify;\">Conecta las operaciones comerciales con los riesgos y ofrece una vista de 360 grados, fomentando una cultura empresarial consciente del riesgo.<\/p>\n<p>[\/et_pb_accordion_item][\/et_pb_accordion][\/et_pb_column][\/et_pb_row][et_pb_row column_structure=\u00bb1_2,1_2&#8243; make_equal=\u00bbon\u00bb _builder_version=\u00bb4.27.0&#8243; _module_preset=\u00bbdefault\u00bb transform_translate=\u00bb0px|-140px\u00bb transform_translate_linked=\u00bboff\u00bb global_colors_info=\u00bb{}\u00bb][et_pb_column type=\u00bb1_2&#8243; _builder_version=\u00bb4.27.0&#8243; _module_preset=\u00bbdefault\u00bb custom_padding=\u00bb15px|15px|15px|15px|true|true\u00bb border_width_all=\u00bb1px\u00bb border_color_all=\u00bb#F7F9FA\u00bb box_shadow_style=\u00bbpreset1&#8243; global_colors_info=\u00bb{}\u00bb][et_pb_blurb title=\u00bbGesti\u00f3n de Procesos\u00bb image=\u00bbhttps:\/\/ea-strategy.com\/wp-content\/uploads\/2024\/10\/servicio-gestion-de-procesos.jpg\u00bb alt=\u00bbServicio gesti\u00f3n de procesos\u00bb _builder_version=\u00bb4.27.2&#8243; _module_preset=\u00bbdefault\u00bb text_orientation=\u00bbcenter\u00bb global_colors_info=\u00bb{}\u00bb]<\/p>\n<p>Logre la excelencia operativa analizando, optimizando y estandarizando los procesos comerciales de su organizaci\u00f3n con el an\u00e1lisis de procesos comerciales.<\/p>\n<p><span style=\"font-size: 19px; color: #1b365f;\">Incluye un productos importantes:<\/span><\/p>\n<p>[\/et_pb_blurb][et_pb_accordion open_toggle_text_color=\u00bb#EB6315&#8243; closed_toggle_background_color=\u00bb#F7F9FA\u00bb _builder_version=\u00bb4.27.2&#8243; _module_preset=\u00bbdefault\u00bb toggle_text_color=\u00bb#1B365F\u00bb toggle_level=\u00bbh3&#8243; toggle_font_size=\u00bb17px\u00bb custom_margin=\u00bb20px||||false|false\u00bb custom_padding=\u00bb7px||||false|false\u00bb custom_css_toggle=\u00bbpadding: 10px;\u00bb border_color_all=\u00bb#F7F9FA\u00bb global_colors_info=\u00bb{}\u00bb][et_pb_accordion_item title=\u00bbAn\u00e1lisis de Proceso de Negocio\u00bb open=\u00bbon\u00bb _builder_version=\u00bb4.27.2&#8243; _module_preset=\u00bbdefault\u00bb global_colors_info=\u00bb{}\u00bb]<\/p>\n<p style=\"text-align: justify;\">Ilustre las operaciones de su empresa e identifique oportunidades para optimizar y transformar. Utilice herramientas de Business Process Management (BPM) para mejorar sus procesos, aumentar la eficiencia de su negocio, crear experiencias superiores para el cliente y dise\u00f1ar nuevas iniciativas comerciales.<\/p>\n<p>[\/et_pb_accordion_item][\/et_pb_accordion][\/et_pb_column][et_pb_column type=\u00bb1_2&#8243; _builder_version=\u00bb4.27.0&#8243; _module_preset=\u00bbdefault\u00bb custom_padding=\u00bb15px|15px|15px|15px|true|true\u00bb border_width_all=\u00bb1px\u00bb border_color_all=\u00bb#F7F9FA\u00bb box_shadow_style=\u00bbpreset1&#8243; global_colors_info=\u00bb{}\u00bb][et_pb_blurb title=\u00bbGobierno de Datos\u00bb image=\u00bbhttps:\/\/ea-strategy.com\/wp-content\/uploads\/2024\/10\/servicio-gobierno-de-datos.jpg\u00bb alt=\u00bbServicio gobierno de datos\u00bb _builder_version=\u00bb4.27.2&#8243; _module_preset=\u00bbdefault\u00bb text_orientation=\u00bbcenter\u00bb global_colors_info=\u00bb{}\u00bb]<\/p>\n<p>Aplique una vista completa para saber d\u00f3nde y c\u00f3mo se utilizan los datos. Aseg\u00farese de que sus datos sean confiables y mantenga una integridad sobre ellos.<\/p>\n<p><span style=\"font-size: 19px; color: #1b365f;\">Incluye dos productos importantes:<\/span><\/p>\n<p>[\/et_pb_blurb][et_pb_accordion open_toggle_text_color=\u00bb#EB6315&#8243; closed_toggle_background_color=\u00bb#F7F9FA\u00bb _builder_version=\u00bb4.27.2&#8243; _module_preset=\u00bbdefault\u00bb toggle_text_color=\u00bb#1B365F\u00bb toggle_level=\u00bbh3&#8243; toggle_font_size=\u00bb17px\u00bb custom_margin=\u00bb20px||||false|false\u00bb custom_padding=\u00bb7px||||false|false\u00bb custom_css_toggle=\u00bbpadding: 10px;\u00bb border_color_all=\u00bb#F7F9FA\u00bb global_colors_info=\u00bb{}\u00bb][et_pb_accordion_item title=\u00bbManejo de privacidad\u00bb open=\u00bbon\u00bb _builder_version=\u00bb4.27.2&#8243; _module_preset=\u00bbdefault\u00bb global_colors_info=\u00bb{}\u00bb]<\/p>\n<p style=\"text-align: justify;\">Ayuda a evaluar y cumplir con las leyes globales de privacidad de datos, como el GDPR y el CCPA. Genere documentos reglamentarios y rompa los silos entre personas, procesos y tecnolog\u00eda para prevenir violaciones de datos.<\/p>\n<p>[\/et_pb_accordion_item][et_pb_accordion_item title=\u00bbArquitectura Informacional\u00bb _builder_version=\u00bb4.27.2&#8243; _module_preset=\u00bbdefault\u00bb global_colors_info=\u00bb{}\u00bb open=\u00bboff\u00bb]<\/p>\n<p style=\"text-align: justify;\">Organiza, estructura y etiqueta el contenido de manera sistem\u00e1tica y sostenible. Administra sus datos y establece reglas de cumplimiento para permitir decisiones m\u00e1s r\u00e1pidas e inteligentes.<\/p>\n<p>[\/et_pb_accordion_item][\/et_pb_accordion][\/et_pb_column][\/et_pb_row][et_pb_row _builder_version=\u00bb4.27.2&#8243; _module_preset=\u00bbdefault\u00bb background_color=\u00bb#eb6315&#8243; transform_translate=\u00bb0px|-60px\u00bb transform_translate_linked=\u00bboff\u00bb custom_padding=\u00bb60px|30px|60px|30px|true|true\u00bb border_radii=\u00bbon|9px|9px|9px|9px\u00bb box_shadow_style=\u00bbpreset1&#8243; global_colors_info=\u00bb{}\u00bb][et_pb_column type=\u00bb4_4&#8243; _builder_version=\u00bb4.27.0&#8243; _module_preset=\u00bbdefault\u00bb global_colors_info=\u00bb{}\u00bb][et_pb_contact_form email=\u00bbadministrativo@ea-strategy.com\u00bb title=\u00bbFormulario de Contacto\u00bb custom_message=\u00bbMensaje enviado desde el formulario del sitio web (Producto Mega)||et_pb_line_break_holder||||et_pb_line_break_holder||Nombre: %%nombre%%||et_pb_line_break_holder||Celular: %%celular%%||et_pb_line_break_holder||Correo: %%email%%||et_pb_line_break_holder||||et_pb_line_break_holder||Mensaje: %%mensaje%%\u00bb success_message=\u00bbSu mensaje ha sido enviado. \u00a1Gracias!\u00bb submit_button_text=\u00bbEnviar\u00bb _builder_version=\u00bb4.27.2&#8243; _module_preset=\u00bbdefault\u00bb _unique_id=\u00bb6e425b0d-1ceb-4763-829e-ee91d8e262fb\u00bb form_field_background_color=\u00bb#F7F9FA\u00bb form_field_text_color=\u00bb#EB6315&#8243; form_field_focus_background_color=\u00bb#DFEAF4&#8243; form_field_custom_padding=\u00bb12px||12px||true|false\u00bb title_level=\u00bbh2&#8243; title_font=\u00bb|600|||||||\u00bb title_text_color=\u00bb#FFFFFF\u00bb title_font_size=\u00bb31px\u00bb captcha_text_color=\u00bb#FFFFFF\u00bb background_enable_color=\u00bboff\u00bb custom_button=\u00bbon\u00bb button_text_color=\u00bb#EB6315&#8243; button_icon=\u00bb&#xe046;||divi||400&#8243; button_icon_color=\u00bb#EB6315&#8243; button_on_hover=\u00bboff\u00bb button_custom_margin=\u00bb15px||||false|false\u00bb button_custom_padding=\u00bb|40px||25px|true|false\u00bb custom_css_contact_title=\u00bbmargin-bottom: 20px;\u00bb custom_css_contact_fields=\u00bbborder-radius: 9px;\u00bb custom_css_text_field=\u00bbborder-radius: 9px;\u00bb custom_css_captcha_field=\u00bbmargin: 15px 0 0 15px;\u00bb box_shadow_style_button=\u00bbpreset1&#8243; global_colors_info=\u00bb{}\u00bb][et_pb_contact_field field_id=\u00bbnombre\u00bb field_title=\u00bbNombre\u00bb _builder_version=\u00bb4.27.0&#8243; global_colors_info=\u00bb{}\u00bb button_text_size__hover_enabled=\u00bboff\u00bb button_one_text_size__hover_enabled=\u00bboff\u00bb button_two_text_size__hover_enabled=\u00bboff\u00bb button_text_color__hover_enabled=\u00bboff\u00bb button_one_text_color__hover_enabled=\u00bboff\u00bb button_two_text_color__hover_enabled=\u00bboff\u00bb button_border_width__hover_enabled=\u00bboff\u00bb button_one_border_width__hover_enabled=\u00bboff\u00bb button_two_border_width__hover_enabled=\u00bboff\u00bb button_border_color__hover_enabled=\u00bboff\u00bb button_one_border_color__hover_enabled=\u00bboff\u00bb button_two_border_color__hover_enabled=\u00bboff\u00bb button_border_radius__hover_enabled=\u00bboff\u00bb button_one_border_radius__hover_enabled=\u00bboff\u00bb button_two_border_radius__hover_enabled=\u00bboff\u00bb button_letter_spacing__hover_enabled=\u00bboff\u00bb button_one_letter_spacing__hover_enabled=\u00bboff\u00bb button_two_letter_spacing__hover_enabled=\u00bboff\u00bb button_bg_color__hover_enabled=\u00bboff\u00bb button_one_bg_color__hover_enabled=\u00bboff\u00bb button_two_bg_color__hover_enabled=\u00bboff\u00bb][\/et_pb_contact_field][et_pb_contact_field field_id=\u00bbcelular\u00bb field_title=\u00bbN\u00famero Celular\u00bb _builder_version=\u00bb4.27.0&#8243; global_colors_info=\u00bb{}\u00bb button_text_size__hover_enabled=\u00bboff\u00bb button_one_text_size__hover_enabled=\u00bboff\u00bb button_two_text_size__hover_enabled=\u00bboff\u00bb button_text_color__hover_enabled=\u00bboff\u00bb button_one_text_color__hover_enabled=\u00bboff\u00bb button_two_text_color__hover_enabled=\u00bboff\u00bb button_border_width__hover_enabled=\u00bboff\u00bb button_one_border_width__hover_enabled=\u00bboff\u00bb button_two_border_width__hover_enabled=\u00bboff\u00bb button_border_color__hover_enabled=\u00bboff\u00bb button_one_border_color__hover_enabled=\u00bboff\u00bb button_two_border_color__hover_enabled=\u00bboff\u00bb button_border_radius__hover_enabled=\u00bboff\u00bb button_one_border_radius__hover_enabled=\u00bboff\u00bb button_two_border_radius__hover_enabled=\u00bboff\u00bb button_letter_spacing__hover_enabled=\u00bboff\u00bb button_one_letter_spacing__hover_enabled=\u00bboff\u00bb button_two_letter_spacing__hover_enabled=\u00bboff\u00bb button_bg_color__hover_enabled=\u00bboff\u00bb button_one_bg_color__hover_enabled=\u00bboff\u00bb button_two_bg_color__hover_enabled=\u00bboff\u00bb][\/et_pb_contact_field][et_pb_contact_field field_id=\u00bbemail\u00bb field_title=\u00bbCorreo electr\u00f3nico\u00bb field_type=\u00bbemail\u00bb fullwidth_field=\u00bbon\u00bb _builder_version=\u00bb4.27.0&#8243; global_colors_info=\u00bb{}\u00bb button_text_size__hover_enabled=\u00bboff\u00bb button_one_text_size__hover_enabled=\u00bboff\u00bb button_two_text_size__hover_enabled=\u00bboff\u00bb button_text_color__hover_enabled=\u00bboff\u00bb button_one_text_color__hover_enabled=\u00bboff\u00bb button_two_text_color__hover_enabled=\u00bboff\u00bb button_border_width__hover_enabled=\u00bboff\u00bb button_one_border_width__hover_enabled=\u00bboff\u00bb button_two_border_width__hover_enabled=\u00bboff\u00bb button_border_color__hover_enabled=\u00bboff\u00bb button_one_border_color__hover_enabled=\u00bboff\u00bb button_two_border_color__hover_enabled=\u00bboff\u00bb button_border_radius__hover_enabled=\u00bboff\u00bb button_one_border_radius__hover_enabled=\u00bboff\u00bb button_two_border_radius__hover_enabled=\u00bboff\u00bb button_letter_spacing__hover_enabled=\u00bboff\u00bb button_one_letter_spacing__hover_enabled=\u00bboff\u00bb button_two_letter_spacing__hover_enabled=\u00bboff\u00bb button_bg_color__hover_enabled=\u00bboff\u00bb button_one_bg_color__hover_enabled=\u00bboff\u00bb button_two_bg_color__hover_enabled=\u00bboff\u00bb][\/et_pb_contact_field][et_pb_contact_field field_id=\u00bbmensaje\u00bb field_title=\u00bbMensaje\u00bb field_type=\u00bbtext\u00bb fullwidth_field=\u00bbon\u00bb _builder_version=\u00bb4.27.0&#8243; global_colors_info=\u00bb{}\u00bb button_text_size__hover_enabled=\u00bboff\u00bb button_one_text_size__hover_enabled=\u00bboff\u00bb button_two_text_size__hover_enabled=\u00bboff\u00bb button_text_color__hover_enabled=\u00bboff\u00bb button_one_text_color__hover_enabled=\u00bboff\u00bb button_two_text_color__hover_enabled=\u00bboff\u00bb button_border_width__hover_enabled=\u00bboff\u00bb button_one_border_width__hover_enabled=\u00bboff\u00bb button_two_border_width__hover_enabled=\u00bboff\u00bb button_border_color__hover_enabled=\u00bboff\u00bb button_one_border_color__hover_enabled=\u00bboff\u00bb button_two_border_color__hover_enabled=\u00bboff\u00bb button_border_radius__hover_enabled=\u00bboff\u00bb button_one_border_radius__hover_enabled=\u00bboff\u00bb button_two_border_radius__hover_enabled=\u00bboff\u00bb button_letter_spacing__hover_enabled=\u00bboff\u00bb button_one_letter_spacing__hover_enabled=\u00bboff\u00bb button_two_letter_spacing__hover_enabled=\u00bboff\u00bb button_bg_color__hover_enabled=\u00bboff\u00bb button_one_bg_color__hover_enabled=\u00bboff\u00bb button_two_bg_color__hover_enabled=\u00bboff\u00bb][\/et_pb_contact_field][\/et_pb_contact_form][\/et_pb_column][\/et_pb_row][\/et_pb_section]<\/p>\n","protected":false},"excerpt":{"rendered":"<p>Transformaci\u00f3n estrat\u00e9gica de negocios Identifique el estado actual de su estructura empresarial y la ruta m\u00e1s eficiente para llegar al objetivo de su organizaci\u00f3n.HOPEX es la plataforma l\u00edder de EA (Arquitectura Empresarial) y GRC (Gobierno Riesgo y Cumplimiento) que permite crear una representaci\u00f3n visual digital de la organizaci\u00f3n conectando perspectivas de objetivos estrat\u00e9gicos, procesos de [&hellip;]<\/p>\n","protected":false},"author":1,"featured_media":0,"parent":0,"menu_order":0,"comment_status":"closed","ping_status":"closed","template":"","meta":{"_et_pb_use_builder":"on","_et_pb_old_content":"","_et_gb_content_width":"","_joinchat":[],"footnotes":""},"class_list":["post-267","page","type-page","status-publish","hentry"],"_links":{"self":[{"href":"https:\/\/ea-strategy.com\/en\/wp-json\/wp\/v2\/pages\/267","targetHints":{"allow":["GET"]}}],"collection":[{"href":"https:\/\/ea-strategy.com\/en\/wp-json\/wp\/v2\/pages"}],"about":[{"href":"https:\/\/ea-strategy.com\/en\/wp-json\/wp\/v2\/types\/page"}],"author":[{"embeddable":true,"href":"https:\/\/ea-strategy.com\/en\/wp-json\/wp\/v2\/users\/1"}],"replies":[{"embeddable":true,"href":"https:\/\/ea-strategy.com\/en\/wp-json\/wp\/v2\/comments?post=267"}],"version-history":[{"count":16,"href":"https:\/\/ea-strategy.com\/en\/wp-json\/wp\/v2\/pages\/267\/revisions"}],"predecessor-version":[{"id":519,"href":"https:\/\/ea-strategy.com\/en\/wp-json\/wp\/v2\/pages\/267\/revisions\/519"}],"wp:attachment":[{"href":"https:\/\/ea-strategy.com\/en\/wp-json\/wp\/v2\/media?parent=267"}],"curies":[{"name":"wp","href":"https:\/\/api.w.org\/{rel}","templated":true}]}}